{"id":834,"date":"2025-10-27T21:58:52","date_gmt":"2025-10-27T21:58:52","guid":{"rendered":"https:\/\/dreamando.org\/blog\/"},"modified":"2025-12-22T16:47:36","modified_gmt":"2025-12-22T16:47:36","slug":"blog","status":"publish","type":"page","link":"https:\/\/dreamando.org\/it\/blog\/","title":{"rendered":"Blog"},"content":{"rendered":"<div class=\"et_pb_section_0 et_pb_section et_section_regular et_flex_section\">\n<div class=\"et_pb_row_0 et_pb_row et_flex_row\">\n<div class=\"et_pb_column_0 et_pb_column et_flex_column et_pb_css_mix_blend_mode_passthrough et_flex_column_3_5 et_flex_column_3_5_tablet et_flex_column_24_24_phone\">\n<div class=\"et_pb_row_1 et_pb_row et_pb_row_nested et_flex_row\">\n<div class=\"et_pb_column_1 et_pb_column et-last-child et_flex_column et_pb_css_mix_blend_mode_passthrough et_flex_column_24_24 et_flex_column_24_24_tablet et_flex_column_24_24_phone\">\n<div class=\"et_pb_heading_0 et_pb_heading et_pb_module et_block_module\"><div class=\"et_pb_heading_container\"><h1 class=\"et_pb_module_header\">Blog<\/h1><\/div><\/div>\n<\/div>\n<\/div>\n<\/div>\n\n<div class=\"et_pb_column_2 et_pb_column et-last-child et_flex_column et_pb_column_empty et_pb_css_mix_blend_mode_passthrough et_flex_column_2_5 et_flex_column_2_5_tablet et_flex_column_24_24_phone\"><\/div>\n<\/div>\n<\/div>\n\n<div class=\"et_pb_section_1 et_pb_section et_section_regular et_flex_section\">\n<div class=\"et_pb_row_2 et_pb_row et_flex_row\">\n<div class=\"et_pb_column_3 et_pb_column et-last-child et_flex_column et_pb_css_mix_blend_mode_passthrough et_flex_column_24_24 et_flex_column_24_24_tablet et_flex_column_24_24_phone\">\n<div class=\"et_pb_blog_0 et_pb_blog et_pb_bg_layout_light et_pb_posts et_pb_module\"><div class=\"et_pb_ajax_pagination_container\"><div class=\"et_pb_posts et_grid_module\"><article class=\"et_pb_post et_pb_post_id_843 clearfix et_pb_blog_item_0_0 post-843 post type-post status-publish format-standard has-post-thumbnail hentry category-sat\"><div class=\"et_pb_image_container\"><a href=\"https:\/\/dreamando.org\/it\/2025\/11\/10\/vale-davvero-la-pena-sostenere-il-sat-per-studiare-in-europa\/\" class=\"entry-featured-image-url\"><img decoding=\"async\" src=\"https:\/\/dreamando.org\/wp-content\/uploads\/2025\/11\/SAT-Europe.webp\" width=\"400\" height=\"284\" alt=\"Vale davvero la pena sostenere il SAT per studiare in Europa?\" class=\"\" srcset=\"https:\/\/dreamando.org\/wp-content\/uploads\/2025\/11\/SAT-Europe.webp 479w, https:\/\/dreamando.org\/wp-content\/uploads\/2025\/11\/SAT-Europe-400x284.webp 480w\" sizes=\"(max-width:479px) 479px, 100vw\" \/><span data-icon=\"\ue050\" class=\"et_overlay et_pb_inline_icon\"><\/span><\/a><\/div><h2 class=\"entry-title\"><a href=\"https:\/\/dreamando.org\/it\/2025\/11\/10\/vale-davvero-la-pena-sostenere-il-sat-per-studiare-in-europa\/\">Vale davvero la pena sostenere il SAT per studiare in Europa?<\/a><\/h2><p class=\"post-meta\"><span class=\"published\">Nov 10, 2025<\/span> | <span class=\"entry-categories\"><a href=\"https:\/\/dreamando.org\/it\/category\/sat\/\" rel=\"tag\">SAT<\/a><\/span><\/p><div class=\"post-content\"><div class=\"post-content-inner\"><p>Sempre pi\u00f9 studenti sognano di studiare in una delle migliori universit\u00e0 europee. Lungo il percorso, sorge una domanda fondamentale: vale davvero la&#8230;<\/p>\n<\/div><\/div><\/article><article class=\"et_pb_post et_pb_post_id_860 clearfix et_pb_blog_item_0_1 post-860 post type-post status-publish format-standard has-post-thumbnail hentry category-sat\"><div class=\"et_pb_image_container\"><a href=\"https:\/\/dreamando.org\/it\/2025\/11\/10\/il-sat-come-funziona-lesame\/\" class=\"entry-featured-image-url\"><img decoding=\"async\" src=\"https:\/\/dreamando.org\/wp-content\/uploads\/2025\/11\/SAT-cest-quoi.webp\" width=\"400\" height=\"284\" alt=\"Il SAT: come funziona l&#8217;esame?\" class=\"\" srcset=\"https:\/\/dreamando.org\/wp-content\/uploads\/2025\/11\/SAT-cest-quoi.webp 479w, https:\/\/dreamando.org\/wp-content\/uploads\/2025\/11\/SAT-cest-quoi-400x284.webp 480w\" sizes=\"(max-width:479px) 479px, 100vw\" \/><span data-icon=\"\ue050\" class=\"et_overlay et_pb_inline_icon\"><\/span><\/a><\/div><h2 class=\"entry-title\"><a href=\"https:\/\/dreamando.org\/it\/2025\/11\/10\/il-sat-come-funziona-lesame\/\">Il SAT: come funziona l&#8217;esame?<\/a><\/h2><p class=\"post-meta\"><span class=\"published\">Nov 10, 2025<\/span> | <span class=\"entry-categories\"><a href=\"https:\/\/dreamando.org\/it\/category\/sat\/\" rel=\"tag\">SAT<\/a><\/span><\/p><div class=\"post-content\"><div class=\"post-content-inner\"><p>Hai intenzione di sostenere il SAT (Scholastic Assessment Test) per l&#8217;ammissione a un&#8217;universit\u00e0 statunitense o europea? Prima di immergerti nelle&#8230;<\/p>\n<\/div><\/div><\/article><article class=\"et_pb_post et_pb_post_id_847 clearfix et_pb_blog_item_0_2 post-847 post type-post status-publish format-standard has-post-thumbnail hentry category-sat\"><div class=\"et_pb_image_container\"><a href=\"https:\/\/dreamando.org\/it\/2025\/11\/10\/la-psicologia-del-successo-come-ridurre-lo-stress-prima-del-sat\/\" class=\"entry-featured-image-url\"><img decoding=\"async\" src=\"https:\/\/dreamando.org\/wp-content\/uploads\/2025\/11\/imagesat2.webp\" width=\"400\" height=\"284\" alt=\"La psicologia del successo: come ridurre lo stress prima del SAT\" class=\"\" srcset=\"https:\/\/dreamando.org\/wp-content\/uploads\/2025\/11\/imagesat2.webp 479w, https:\/\/dreamando.org\/wp-content\/uploads\/2025\/11\/imagesat2-400x284.webp 480w\" sizes=\"(max-width:479px) 479px, 100vw\" \/><span data-icon=\"\ue050\" class=\"et_overlay et_pb_inline_icon\"><\/span><\/a><\/div><h2 class=\"entry-title\"><a href=\"https:\/\/dreamando.org\/it\/2025\/11\/10\/la-psicologia-del-successo-come-ridurre-lo-stress-prima-del-sat\/\">La psicologia del successo: come ridurre lo stress prima del SAT<\/a><\/h2><p class=\"post-meta\"><span class=\"published\">Nov 10, 2025<\/span> | <span class=\"entry-categories\"><a href=\"https:\/\/dreamando.org\/it\/category\/sat\/\" rel=\"tag\">SAT<\/a><\/span><\/p><div class=\"post-content\"><div class=\"post-content-inner\"><p>Il SAT \u00e8 uno degli esami pi\u00f9 strategici per gli studenti che aspirano a frequentare le universit\u00e0 statunitensi. Ma il successo in questo test non&#8230;<\/p>\n<\/div><\/div><\/article><article class=\"et_pb_post et_pb_post_id_869 clearfix et_pb_blog_item_0_3 post-869 post type-post status-publish format-standard has-post-thumbnail hentry category-sat\"><div class=\"et_pb_image_container\"><a href=\"https:\/\/dreamando.org\/it\/2025\/11\/10\/come-prepararsi-efficacemente-al-sat-e-massimizzare-il-tuo-punteggio\/\" class=\"entry-featured-image-url\"><img decoding=\"async\" src=\"https:\/\/dreamando.org\/wp-content\/uploads\/2025\/11\/imagearticleSAT1.webp\" width=\"400\" height=\"284\" alt=\"Come prepararsi efficacemente al SAT e massimizzare il tuo punteggio\" class=\"\" srcset=\"https:\/\/dreamando.org\/wp-content\/uploads\/2025\/11\/imagearticleSAT1.webp 479w, https:\/\/dreamando.org\/wp-content\/uploads\/2025\/11\/imagearticleSAT1-400x284.webp 480w\" sizes=\"(max-width:479px) 479px, 100vw\" \/><span data-icon=\"\ue050\" class=\"et_overlay et_pb_inline_icon\"><\/span><\/a><\/div><h2 class=\"entry-title\"><a href=\"https:\/\/dreamando.org\/it\/2025\/11\/10\/come-prepararsi-efficacemente-al-sat-e-massimizzare-il-tuo-punteggio\/\">Come prepararsi efficacemente al SAT e massimizzare il tuo punteggio<\/a><\/h2><p class=\"post-meta\"><span class=\"published\">Nov 10, 2025<\/span> | <span class=\"entry-categories\"><a href=\"https:\/\/dreamando.org\/it\/category\/sat\/\" rel=\"tag\">SAT<\/a><\/span><\/p><div class=\"post-content\"><div class=\"post-content-inner\"><p>Il SAT \u00e8 uno dei test pi\u00f9 importanti per essere ammessi a un&#8217;universit\u00e0 statunitense. Ogni anno, milioni di studenti lo affrontano con un obiettivo&#8230;<\/p>\n<\/div><\/div><\/article><\/div><div class=\"pagination clearfix\">\n\t<div class=\"alignleft\"><\/div>\n\t<div class=\"alignright\"><\/div>\n<\/div><\/div><\/div>\n<\/div>\n<\/div>\n<\/div>","protected":false},"excerpt":{"rendered":"","protected":false},"author":1,"featured_media":0,"parent":0,"menu_order":0,"comment_status":"closed","ping_status":"closed","template":"","meta":{"footnotes":""},"class_list":["post-834","page","type-page","status-publish","hentry"],"_links":{"self":[{"href":"https:\/\/dreamando.org\/it\/wp-json\/wp\/v2\/pages\/834","targetHints":{"allow":["GET"]}}],"collection":[{"href":"https:\/\/dreamando.org\/it\/wp-json\/wp\/v2\/pages"}],"about":[{"href":"https:\/\/dreamando.org\/it\/wp-json\/wp\/v2\/types\/page"}],"author":[{"embeddable":true,"href":"https:\/\/dreamando.org\/it\/wp-json\/wp\/v2\/users\/1"}],"replies":[{"embeddable":true,"href":"https:\/\/dreamando.org\/it\/wp-json\/wp\/v2\/comments?post=834"}],"version-history":[{"count":3,"href":"https:\/\/dreamando.org\/it\/wp-json\/wp\/v2\/pages\/834\/revisions"}],"predecessor-version":[{"id":864,"href":"https:\/\/dreamando.org\/it\/wp-json\/wp\/v2\/pages\/834\/revisions\/864"}],"wp:attachment":[{"href":"https:\/\/dreamando.org\/it\/wp-json\/wp\/v2\/media?parent=834"}],"curies":[{"name":"wp","href":"https:\/\/api.w.org\/{rel}","templated":true}]}}